{"id":225429,"date":"2024-01-19T16:15:06","date_gmt":"2024-01-19T15:15:06","guid":{"rendered":"https:\/\/www.magnas.cz\/?page_id=225429"},"modified":"2025-04-03T13:25:37","modified_gmt":"2025-04-03T11:25:37","slug":"blog","status":"publish","type":"page","link":"https:\/\/www.magnas.cz\/en\/blog\/","title":{"rendered":"Blog"},"content":{"rendered":"<p>[et_pb_section fb_built=&#8220;1&#8243; admin_label=&#8220;Blog&#8220; _builder_version=&#8220;4.19.1&#8243; _module_preset=&#8220;default&#8220; da_disable_devices=&#8220;off|off|off&#8220; collapsed=&#8220;on&#8220; global_colors_info=&#8220;{}&#8220; da_is_popup=&#8220;off&#8220; da_exit_intent=&#8220;off&#8220; da_has_close=&#8220;on&#8220; da_alt_close=&#8220;off&#8220; da_dark_close=&#8220;off&#8220; da_not_modal=&#8220;on&#8220; da_is_singular=&#8220;off&#8220; da_with_loader=&#8220;off&#8220; da_has_shadow=&#8220;on&#8220;][et_pb_row _builder_version=&#8220;4.24.0&#8243; _module_preset=&#8220;default&#8220; global_colors_info=&#8220;{}&#8220;][et_pb_column type=&#8220;4_4&#8243; _builder_version=&#8220;4.19.1&#8243; _module_preset=&#8220;default&#8220; global_colors_info=&#8220;{}&#8220;][et_pb_text _builder_version=&#8220;4.27.3&#8243; _module_preset=&#8220;08c99195-b51b-402a-adaa-9f4025015c8d&#8220; text_text_color=&#8220;#07143f&#8220; header_font_size=&#8220;59px&#8220; text_orientation=&#8220;center&#8220; custom_margin=&#8220;||0px||false|false&#8220; global_colors_info=&#8220;{}&#8220;]<\/p>\n<h1 style=\"text-align: left;\">Blog<\/h1>\n<p>[\/et_pb_text][\/et_pb_column][\/et_pb_row][et_pb_row _builder_version=&#8220;4.27.3&#8243; _module_preset=&#8220;default&#8220; global_colors_info=&#8220;{}&#8220;][et_pb_column type=&#8220;4_4&#8243; _builder_version=&#8220;4.27.3&#8243; _module_preset=&#8220;default&#8220; global_colors_info=&#8220;{}&#8220;][et_pb_blog fullwidth=&#8220;off&#8220; posts_number=&#8220;9&#8243; use_manual_excerpt=&#8220;off&#8220; excerpt_length=&#8220;0&#8243; show_more=&#8220;on&#8220; show_author=&#8220;off&#8220; show_date=&#8220;off&#8220; show_categories=&#8220;off&#8220; show_excerpt=&#8220;off&#8220; _builder_version=&#8220;4.27.4&#8243; _module_preset=&#8220;default&#8220; header_level=&#8220;h3&#8243; header_font_size=&#8220;21px&#8220; header_line_height=&#8220;1.1em&#8220; read_more_text_color=&#8220;#FFFFFF&#8220; text_orientation=&#8220;left&#8220; hover_enabled=&#8220;0&#8243; border_radii=&#8220;on|15px|15px|15px|15px&#8220; border_radii_image=&#8220;on|15px|15px|15px|15px&#8220; global_colors_info=&#8220;{}&#8220; sticky_enabled=&#8220;0&#8243;][\/et_pb_blog][\/et_pb_column][\/et_pb_row][\/et_pb_section]<\/p>","protected":false},"excerpt":{"rendered":"<p>Blog<\/p>","protected":false},"author":2,"featured_media":0,"parent":0,"menu_order":0,"comment_status":"closed","ping_status":"closed","template":"","meta":{"_et_pb_use_builder":"on","_et_pb_old_content":"","_et_gb_content_width":"","footnotes":""},"class_list":["post-225429","page","type-page","status-publish","hentry"],"yoast_head":"<!-- This site is optimized with the Yoast SEO plugin v26.9 - https:\/\/yoast.com\/product\/yoast-seo-wordpress\/ -->\n<title>Blog | Magnas<\/title>\n<meta name=\"description\" content=\"Jsme t\u00fdm odborn\u00edk\u016f na brandov\u00e9 i v\u00fdkonnostn\u00ed strategie. Tvo\u0159\u00edme kreativn\u00ed koncepty a multimedi\u00e1ln\u00ed obsah. Realizujeme produkci. Poskytujeme konzultace pro rozvoj va\u0161eho byznysu.\" \/>\n<meta name=\"robots\" content=\"index, follow, max-snippet:-1, max-image-preview:large, max-video-preview:-1\" \/>\n<link rel=\"canonical\" href=\"https:\/\/www.magnas.cz\/en\/blog\/\" \/>\n<meta property=\"og:locale\" content=\"en_GB\" \/>\n<meta property=\"og:type\" content=\"article\" \/>\n<meta property=\"og:title\" content=\"Blog | Magnas\" \/>\n<meta property=\"og:description\" content=\"Jsme t\u00fdm odborn\u00edk\u016f na brandov\u00e9 i v\u00fdkonnostn\u00ed strategie. Tvo\u0159\u00edme kreativn\u00ed koncepty a multimedi\u00e1ln\u00ed obsah. Realizujeme produkci. Poskytujeme konzultace pro rozvoj va\u0161eho byznysu.\" \/>\n<meta property=\"og:url\" content=\"https:\/\/www.magnas.cz\/en\/blog\/\" \/>\n<meta property=\"og:site_name\" content=\"Magnas\" \/>\n<meta property=\"article:publisher\" content=\"https:\/\/www.facebook.com\/magnasmedia\/\" \/>\n<meta property=\"article:modified_time\" content=\"2025-04-03T11:25:37+00:00\" \/>\n<meta property=\"og:image\" content=\"https:\/\/www.magnas.cz\/wp-content\/uploads\/2025\/04\/Logo_Magnas_slogan_nadel_red_RGB-1.png\" \/>\n\t<meta property=\"og:image:width\" content=\"730\" \/>\n\t<meta property=\"og:image:height\" content=\"142\" \/>\n\t<meta property=\"og:image:type\" content=\"image\/png\" \/>\n<meta name=\"twitter:card\" content=\"summary_large_image\" \/>\n<meta name=\"twitter:label1\" content=\"Estimated reading time\" \/>\n\t<meta name=\"twitter:data1\" content=\"1 minute\" \/>\n<script type=\"application\/ld+json\" class=\"yoast-schema-graph\">{\"@context\":\"https:\/\/schema.org\",\"@graph\":[{\"@type\":\"WebPage\",\"@id\":\"https:\/\/www.magnas.cz\/blog\/\",\"url\":\"https:\/\/www.magnas.cz\/blog\/\",\"name\":\"Blog | Magnas\",\"isPartOf\":{\"@id\":\"https:\/\/www.magnas.cz\/#website\"},\"datePublished\":\"2024-01-19T15:15:06+00:00\",\"dateModified\":\"2025-04-03T11:25:37+00:00\",\"description\":\"Jsme t\u00fdm odborn\u00edk\u016f na brandov\u00e9 i v\u00fdkonnostn\u00ed strategie. Tvo\u0159\u00edme kreativn\u00ed koncepty a multimedi\u00e1ln\u00ed obsah. Realizujeme produkci. Poskytujeme konzultace pro rozvoj va\u0161eho byznysu.\",\"breadcrumb\":{\"@id\":\"https:\/\/www.magnas.cz\/blog\/#breadcrumb\"},\"inLanguage\":\"en-GB\",\"potentialAction\":[{\"@type\":\"ReadAction\",\"target\":[\"https:\/\/www.magnas.cz\/blog\/\"]}]},{\"@type\":\"BreadcrumbList\",\"@id\":\"https:\/\/www.magnas.cz\/blog\/#breadcrumb\",\"itemListElement\":[{\"@type\":\"ListItem\",\"position\":1,\"name\":\"Dom\u016f\",\"item\":\"https:\/\/www.magnas.cz\/\"},{\"@type\":\"ListItem\",\"position\":2,\"name\":\"Blog\"}]},{\"@type\":\"WebSite\",\"@id\":\"https:\/\/www.magnas.cz\/#website\",\"url\":\"https:\/\/www.magnas.cz\/\",\"name\":\"Magnas Media\",\"description\":\"\",\"publisher\":{\"@id\":\"https:\/\/www.magnas.cz\/#organization\"},\"alternateName\":\"Jsme t\u00fdm odborn\u00edk\u016f na brandov\u00e9 i v\u00fdkonnostn\u00ed strategie.\",\"potentialAction\":[{\"@type\":\"SearchAction\",\"target\":{\"@type\":\"EntryPoint\",\"urlTemplate\":\"https:\/\/www.magnas.cz\/?s={search_term_string}\"},\"query-input\":{\"@type\":\"PropertyValueSpecification\",\"valueRequired\":true,\"valueName\":\"search_term_string\"}}],\"inLanguage\":\"en-GB\"},{\"@type\":\"Organization\",\"@id\":\"https:\/\/www.magnas.cz\/#organization\",\"name\":\"Magnas Media s.r.o.\",\"url\":\"https:\/\/www.magnas.cz\/\",\"logo\":{\"@type\":\"ImageObject\",\"inLanguage\":\"en-GB\",\"@id\":\"https:\/\/www.magnas.cz\/#\/schema\/logo\/image\/\",\"url\":\"https:\/\/www.magnas.cz\/wp-content\/uploads\/2025\/04\/Logo_Magnas_slogan_nadel_red_RGB-1.png\",\"contentUrl\":\"https:\/\/www.magnas.cz\/wp-content\/uploads\/2025\/04\/Logo_Magnas_slogan_nadel_red_RGB-1.png\",\"width\":730,\"height\":142,\"caption\":\"Magnas Media s.r.o.\"},\"image\":{\"@id\":\"https:\/\/www.magnas.cz\/#\/schema\/logo\/image\/\"},\"sameAs\":[\"https:\/\/www.facebook.com\/magnasmedia\/\",\"https:\/\/www.instagram.com\/magnas.media\/\"]}]}<\/script>\n<!-- \/ Yoast SEO plugin. -->","yoast_head_json":{"title":"Blog | Magnas","description":"We are a team of experts in brand and performance strategies. We develop creative concepts and multimedia content. We handle production. We provide consulting services for the growth of your business.","robots":{"index":"index","follow":"follow","max-snippet":"max-snippet:-1","max-image-preview":"max-image-preview:large","max-video-preview":"max-video-preview:-1"},"canonical":"https:\/\/www.magnas.cz\/en\/blog\/","og_locale":"en_GB","og_type":"article","og_title":"Blog | Magnas","og_description":"Jsme t\u00fdm odborn\u00edk\u016f na brandov\u00e9 i v\u00fdkonnostn\u00ed strategie. Tvo\u0159\u00edme kreativn\u00ed koncepty a multimedi\u00e1ln\u00ed obsah. Realizujeme produkci. Poskytujeme konzultace pro rozvoj va\u0161eho byznysu.","og_url":"https:\/\/www.magnas.cz\/en\/blog\/","og_site_name":"Magnas","article_publisher":"https:\/\/www.facebook.com\/magnasmedia\/","article_modified_time":"2025-04-03T11:25:37+00:00","og_image":[{"width":730,"height":142,"url":"https:\/\/www.magnas.cz\/wp-content\/uploads\/2025\/04\/Logo_Magnas_slogan_nadel_red_RGB-1.png","type":"image\/png"}],"twitter_card":"summary_large_image","twitter_misc":{"Estimated reading time":"1 minute"},"schema":{"@context":"https:\/\/schema.org","@graph":[{"@type":"WebPage","@id":"https:\/\/www.magnas.cz\/blog\/","url":"https:\/\/www.magnas.cz\/blog\/","name":"Blog | Magnas","isPartOf":{"@id":"https:\/\/www.magnas.cz\/#website"},"datePublished":"2024-01-19T15:15:06+00:00","dateModified":"2025-04-03T11:25:37+00:00","description":"We are a team of experts in brand and performance strategies. We develop creative concepts and multimedia content. We handle production. We provide consulting services for the growth of your business.","breadcrumb":{"@id":"https:\/\/www.magnas.cz\/blog\/#breadcrumb"},"inLanguage":"en-GB","potentialAction":[{"@type":"ReadAction","target":["https:\/\/www.magnas.cz\/blog\/"]}]},{"@type":"BreadcrumbList","@id":"https:\/\/www.magnas.cz\/blog\/#breadcrumb","itemListElement":[{"@type":"ListItem","position":1,"name":"Dom\u016f","item":"https:\/\/www.magnas.cz\/"},{"@type":"ListItem","position":2,"name":"Blog"}]},{"@type":"WebSite","@id":"https:\/\/www.magnas.cz\/#website","url":"https:\/\/www.magnas.cz\/","name":"Magnas Media","description":"","publisher":{"@id":"https:\/\/www.magnas.cz\/#organization"},"alternateName":"Jsme t\u00fdm odborn\u00edk\u016f na brandov\u00e9 i v\u00fdkonnostn\u00ed strategie.","potentialAction":[{"@type":"SearchAction","target":{"@type":"EntryPoint","urlTemplate":"https:\/\/www.magnas.cz\/?s={search_term_string}"},"query-input":{"@type":"PropertyValueSpecification","valueRequired":true,"valueName":"search_term_string"}}],"inLanguage":"en-GB"},{"@type":"Organization","@id":"https:\/\/www.magnas.cz\/#organization","name":"Magnas Media s.r.o.","url":"https:\/\/www.magnas.cz\/","logo":{"@type":"ImageObject","inLanguage":"en-GB","@id":"https:\/\/www.magnas.cz\/#\/schema\/logo\/image\/","url":"https:\/\/www.magnas.cz\/wp-content\/uploads\/2025\/04\/Logo_Magnas_slogan_nadel_red_RGB-1.png","contentUrl":"https:\/\/www.magnas.cz\/wp-content\/uploads\/2025\/04\/Logo_Magnas_slogan_nadel_red_RGB-1.png","width":730,"height":142,"caption":"Magnas Media s.r.o."},"image":{"@id":"https:\/\/www.magnas.cz\/#\/schema\/logo\/image\/"},"sameAs":["https:\/\/www.facebook.com\/magnasmedia\/","https:\/\/www.instagram.com\/magnas.media\/"]}]}},"_links":{"self":[{"href":"https:\/\/www.magnas.cz\/en\/wp-json\/wp\/v2\/pages\/225429","targetHints":{"allow":["GET"]}}],"collection":[{"href":"https:\/\/www.magnas.cz\/en\/wp-json\/wp\/v2\/pages"}],"about":[{"href":"https:\/\/www.magnas.cz\/en\/wp-json\/wp\/v2\/types\/page"}],"author":[{"embeddable":true,"href":"https:\/\/www.magnas.cz\/en\/wp-json\/wp\/v2\/users\/2"}],"replies":[{"embeddable":true,"href":"https:\/\/www.magnas.cz\/en\/wp-json\/wp\/v2\/comments?post=225429"}],"version-history":[{"count":31,"href":"https:\/\/www.magnas.cz\/en\/wp-json\/wp\/v2\/pages\/225429\/revisions"}],"predecessor-version":[{"id":226919,"href":"https:\/\/www.magnas.cz\/en\/wp-json\/wp\/v2\/pages\/225429\/revisions\/226919"}],"wp:attachment":[{"href":"https:\/\/www.magnas.cz\/en\/wp-json\/wp\/v2\/media?parent=225429"}],"curies":[{"name":"wp","href":"https:\/\/api.w.org\/{rel}","templated":true}]}}